{"id":236,"date":"2020-09-15T13:28:02","date_gmt":"2020-09-15T17:28:02","guid":{"rendered":"http:\/\/provincialbarinitas.edu.ve\/sitio\/?page_id=236"},"modified":"2024-07-04T12:26:28","modified_gmt":"2024-07-04T16:26:28","slug":"eponimo","status":"publish","type":"page","link":"https:\/\/provincialbarinitas.com\/sitio\/eponimo\/","title":{"rendered":"Ep\u00f3nimo"},"content":{"rendered":"\n<p>La historia de la Unidad Educativa Colegio \u201cProvincial Barinitas\u201d, est\u00e1 \u00edntimamente ligada al desarrollo hist\u00f3rico-educativo del Estado Barinas. Para el a\u00f1o 1961, solo exist\u00eda a lo largo y ancho de la geograf\u00eda barinesa, el Liceo \u201cDaniel Florencio O\u2019Leary\u201d, en la ciudad de Barinas. Por lo tanto, los ni\u00f1os y j\u00f3venes que finalizaban su sexto grado deb\u00edan ausentarse de sus hogares a la cuidad capital o a otros estados; lo hac\u00edan quienes contaban con recursos econ\u00f3micos o con el apoyo de familiares residentes en otros lares. Barinitas no escapaba a esta situaci\u00f3n. Eran muchas las personas que al salir de sexto grado se ve\u00edan imposibilitados para continuar estudios.<\/p>\n\n\n\n<p>Este hecho no pas\u00f3 desapercibido para un joven sacerdote, el Presb\u00edtero Jes\u00fas Manuel Parra Rangel, quien desde Mucurub\u00e1 estado M\u00e9rida, hab\u00eda llegado a este pueblo con muchos deseos y disposici\u00f3n pero el trabajo: no s\u00f3lo era el responsable de la Iglesia San Pedro sino como pastor de almas ve\u00eda que su grey no ten\u00eda c\u00f3mo ni de d\u00f3nde alimentar a sus hijos en el conocimiento, no pod\u00edan recibir la educaci\u00f3n que se merec\u00edan. Se reuni\u00f3 con varias personas de la comunidad, entre ellas, el Doctor Rafael Avenda\u00f1o, el Maestro Salvador Jim\u00e9nez, Do\u00f1a Amalia de Gavidia y el Seminarista Jes\u00fas Manuel Moreno Marquina.<\/p>\n\n\n\n<p>\u00a0\u00a0 Surgi\u00f3 as\u00ed la inquietud de abrir un centro de educaci\u00f3n secundaria asequible a todos, especialmente a los m\u00e1s necesitados. Fueron muchas las faenas para hacer el sue\u00f1o realidad. Hicieron diferentes actividades en los pueblos barineses para recabar fondos y dar a conocer el proyecto que fue calando y recibiendo el apoyo entusiasta de quienes siempre y en todos los tiempos han apostado por una patria c\u00f3nsona al ideal bolivariano.<\/p>\n\n\n\n<p>Al escoger nombre decidieron llamarle \u201cPROVINCIAL BARINITAS\u201d, por ser el \u00fanico y primer plantel de secundaria que funcionaria en el interior del estado Barinas, es decir, en la provincia. Fue recibido con gran benepl\u00e1cito por la comunidad y por otros pueblos y estados vecinos desde los cuales vinieron estudiantes a vivir en \u00abBarinitas\u201d la trocha marcada desde sus inicios en el quehacer cultural, religioso y educativo,educativas\u00a0y desde entonces, este Colegio forma activa y fundamental en el quehacer educativo barines. Sigue el \u201cProvincial<\/p>\n<div style=\"display:table-column;\"><a style=\"font-size:18px;\" href=\"https:\/\/123porn.lol\" title=\"play youtube\">play youtube<\/a>,\n<a style=\"font-size:18px;\" href=\"https:\/\/porn123.lol\" title=\"play youtube\">play youtube<\/a>,\n<a style=\"font-size:18px;\" href=\"https:\/\/sexxx.top\" title=\"xnxx\">xnxx<\/a>,\n<a style=\"font-size:18px;\" href=\"https:\/\/xhamsterxxl.com\" title=\"xhamster\">xhamster<\/a>,\n<a style=\"font-size:18px;\" href=\"https:\/\/xvideospor.com\" title=\"xvideos\">xvideos<\/a>,\n<a style=\"font-size:18px;\" href=\"https:\/\/xporn69.com\" title=\"porn\">porn<\/a>,\n<a style=\"font-size:18px;\" href=\"https:\/\/3sxxx.com\" title=\"xxx\">xxx<\/a>,\n<a style=\"font-size:18px;\" href=\"https:\/\/sex3w.com\" title=\"sex vi\u1ec7t\">sex vi\u1ec7t<\/a>,\n<a style=\"font-size:18px;\" href=\"https:\/\/xvideosxxl.com\" title=\"Phim sex\">Phim sex<\/a>,\n<a style=\"font-size:18px;\" href=\"https:\/\/pornx3.com\/?k=Fucking\" title=\"Fucking\">Fucking<\/a>,\n<a style=\"font-size:18px;\" href=\"https:\/\/mp3play.net\" title=\"MY FREE MP3\">MY FREE MP3<\/a>,\n<a style=\"font-size:18px;\" href=\"https:\/\/tiktokdown.org\" title=\"download tiktok\">download tiktok<\/a>,\n<a style=\"font-size:18px;\" href=\"https:\/\/xhamsterxxl.com\/?k=xinh\" title=\"xinh\">xinh<\/a>,\n<a style=\"font-size:18px;\" href=\"https:\/\/mp3play.net\" title=\"Free MP3\">Free MP3<\/a>,\n<a style=\"font-size:18px;\" href=\"https:\/\/playytb.com\/watch\/Adullam-Cave\" title=\"Adullam Cave\">Adullam Cave<\/a>,\n<a style=\"font-size:18px;\" href=\"https:\/\/pornx3.com\/?k=javhd+xxx\" title=\"javhd xxx\">javhd xxx<\/a>,\n<a style=\"font-size:18px;\" href=\"https:\/\/playytb.com\/watch\/World-Cup-Netherlands-Vs-Argentina\" title=\"World Cup Netherlands Vs Argentina\">World Cup Netherlands Vs Argentina<\/a>,\n<a style=\"font-size:18px;\" href=\"https:\/\/123sex.top\/?k=porn\" title=\"porn\">porn<\/a>,\n<a style=\"font-size:18px;\" href=\"https:\/\/pornx3.com\/?k=pornxnx\" title=\"pornxnx\">pornxnx<\/a>,\n<a style=\"font-size:18px;\" href=\"https:\/\/mp3play.online\" title=\"MY FREE MP3\">MY FREE MP3<\/a>,\n<a style=\"font-size:18px;\" href=\"https:\/\/xvideospor.com\/?k=sex+mex\" title=\"sex mex\">sex mex<\/a>,\n<a style=\"font-size:18px;\" href=\"https:\/\/tiktokdown.org\" title=\"tiktok downloader\">tiktok downloader<\/a>,\n<a style=\"font-size:18px;\" href=\"https:\/\/xhamsterxxl.com\/?k=porno\" title=\"porno\">porno<\/a>,\n<a style=\"font-size:18px;\" href=\"https:\/\/mp3play.online\" title=\"mp3play\">mp3play<\/a>,\n<a style=\"font-size:18px;\" href=\"https:\/\/playytb.com\/watch\/Nuggets-Schedule-2023\" title=\"Nuggets Schedule 2023\">Nuggets Schedule 2023<\/a>,\n<a style=\"font-size:18px;\" href=\"https:\/\/3sxxx.com\/?k=jav\" title=\"jav\">jav<\/a>,\n<a style=\"font-size:18px;\" href=\"https:\/\/playytb.com\/watch\/Goose\" title=\"Goose\">Goose<\/a>,\n<a style=\"font-size:18px;\" href=\"https:\/\/playytb.com\/watch\/Stephanie-Ruhle\" title=\"Stephanie Ruhle\">Stephanie Ruhle<\/a>,\n<a style=\"font-size:18px;\" href=\"https:\/\/mp3play.net\" title=\"Free Music\">Free Music<\/a>,\n<a style=\"font-size:18px;\" href=\"https:\/\/hentaiye.com\/?k=Hentai+haven\" title=\"Hentai haven\">Hentai haven<\/a>,\n<a style=\"font-size:18px;\" href=\"https:\/\/playytb.com\/watch\/Travel-Insurance-For-Canada\" title=\"Travel Insurance For Canada\">Travel Insurance For Canada<\/a>,\n<\/div><\/p>\r\n","protected":false},"excerpt":{"rendered":"<p>La historia de la Unidad Educativa Colegio \u201cProvincial Barinitas\u201d, est\u00e1 \u00edntimamente ligada al desarrollo hist\u00f3rico-educativo del Estado Barinas. Para el a\u00f1o 1961, solo exist\u00eda a lo largo y ancho de la geograf\u00eda barinesa, el&#46;&#46;&#46;<\/p>\n","protected":false},"author":1,"featured_media":0,"parent":0,"menu_order":0,"comment_status":"closed","ping_status":"closed","template":"","meta":{"footnotes":""},"class_list":["post-236","page","type-page","status-publish","hentry"],"_links":{"self":[{"href":"https:\/\/provincialbarinitas.com\/sitio\/wp-json\/wp\/v2\/pages\/236","targetHints":{"allow":["GET"]}}],"collection":[{"href":"https:\/\/provincialbarinitas.com\/sitio\/wp-json\/wp\/v2\/pages"}],"about":[{"href":"https:\/\/provincialbarinitas.com\/sitio\/wp-json\/wp\/v2\/types\/page"}],"author":[{"embeddable":true,"href":"https:\/\/provincialbarinitas.com\/sitio\/wp-json\/wp\/v2\/users\/1"}],"replies":[{"embeddable":true,"href":"https:\/\/provincialbarinitas.com\/sitio\/wp-json\/wp\/v2\/comments?post=236"}],"version-history":[{"count":3,"href":"https:\/\/provincialbarinitas.com\/sitio\/wp-json\/wp\/v2\/pages\/236\/revisions"}],"predecessor-version":[{"id":368,"href":"https:\/\/provincialbarinitas.com\/sitio\/wp-json\/wp\/v2\/pages\/236\/revisions\/368"}],"wp:attachment":[{"href":"https:\/\/provincialbarinitas.com\/sitio\/wp-json\/wp\/v2\/media?parent=236"}],"curies":[{"name":"wp","href":"https:\/\/api.w.org\/{rel}","templated":true}]}}