{"id":9,"date":"2020-05-21T11:53:37","date_gmt":"2020-05-21T15:53:37","guid":{"rendered":"https:\/\/colegiosanjose.com.ve\/sitio\/?page_id=9"},"modified":"2024-07-04T12:26:27","modified_gmt":"2024-07-04T16:26:27","slug":"historia","status":"publish","type":"page","link":"https:\/\/provincialbarinitas.com\/sitio\/historia\/","title":{"rendered":"Historia"},"content":{"rendered":"\n<div class=\"wp-block-image\"><figure class=\"aligncenter size-large\"><img loading=\"lazy\" decoding=\"async\" width=\"640\" height=\"480\" src=\"http:\/\/provincialbarinitas.edu.ve\/sitio\/wp-content\/uploads\/2020\/09\/50-a\u00f1os.jpg\" alt=\"\" class=\"wp-image-233\" srcset=\"https:\/\/provincialbarinitas.com\/sitio\/wp-content\/uploads\/2020\/09\/50-a\u00f1os.jpg 640w, https:\/\/provincialbarinitas.com\/sitio\/wp-content\/uploads\/2020\/09\/50-a\u00f1os-300x225.jpg 300w\" sizes=\"auto, (max-width: 640px) 100vw, 640px\" \/><figcaption>50 a\u00f1os educando y evangelizando<\/figcaption><\/figure><\/div>\n\n\n\n<p>La Unidad Educativa Colegio \u201cProvincial Barinitas\u201d es una instituci\u00f3n privada con 50 a\u00f1os de funcionamiento al servicio de la sociedad barinite\u00f1a. Est\u00e1 ubicada en el sector Agua Dulce I, e la calle 5 N\u00ba 4-10, entre carreras 4 y 5, anteriormente San Pedro. Las relaciones entre los alumnos son generalmente sanas y armoniosas. En algunas ocasiones son perturbadas por personas de otros centros educativos p\u00fablicos que aspiran la participaci\u00f3n de nuestros estudiantes en desordenes p\u00fablicos.<\/p>\n\n\n\n<p>La comunicaci\u00f3n docente-alumno es positiva, sencilla y fraterna, con actitud de apoyo, orientaci\u00f3n y acompa\u00f1amiento por parte de los profesores. Hay necesidad de mayor atenci\u00f3n a la formaci\u00f3n cristiana y de espacios para compartir la fe. Con respecto al trato de los docentes entre s\u00ed es muy aceptable, manifest\u00e1ndose lazos de amistad y compa\u00f1erismo bastante fuerte. As\u00ed mismo entre el personal administrativo y obrero. Los padres y representantes en general, se preocupan m\u00e1s por el rendimiento acad\u00e9mico que por la formaci\u00f3n religiosa.<\/p>\n\n\n\n<p>Desde el inicio del Colegio estuvo al frente el Padre Jes\u00fas Manuel Parra Rangel, P\u00e1rroco de ese poblado junto con un grupo de personas que trabajaron arduamente para brindar una oportunidad de estudio a los j\u00f3venes de esa \u00e9poca que por distintas razones no pod\u00edan trasladarse a otros lugares para continuar sus estudios. Entre estas personas se pueden destacar: el Doctor Rafael Avenda\u00f1o, el Maestro Salvador Jim\u00e9nez, Do\u00f1a Amalia de Gavidia y el Seminarista Jes\u00fas Manuel Moreno Marquina. Con el correr del tiempo este grupo se mantuvo trabajando para el colegio, s\u00f3lo el Padre Parra, quien preocupado por la falta de posibilidades de estudio a nivel medio se dio a la tarea de continuar trabajando para dar respuesta a esta necesidad.<\/p>\n\n\n\n<p>El Colegio comenz\u00f3 a funcionar en dos casas alquiladas propiedad de las familias Tablante-Garrido en sus inicios funcionaba de primero a sexto grado, una c\u00e1tedra de m\u00fasica y de primero a tercer a\u00f1o de bachillerato. Luego se elimin\u00f3 la primaria qued\u00e1ndose solo el bachillerato, de primero a tercer a\u00f1o, hasta el a\u00f1o 1975; luego se abri\u00f3 en primer a\u00f1o de ciencias y m\u00e1s tarde en 1976 se abri\u00f3 el segundo a\u00f1o de ciencias y en 1977 egreso la primera promoci\u00f3n de bachilleres. Hab\u00eda cinco secciones con un total de 119 alumnos 85 del ciclo b\u00e1sico com\u00fan y 34 alumnos-as del ciclo diversificado, 20 profesores, dos administrativos y dos obreros.<\/p>\n\n\n\n<p>El Padre Parra continu\u00f3 su fruct\u00edfera labor al frente de la Parroquia San Pedro y de la Direcci\u00f3n del Colegio. Cabe destacar que dicho Sacerdote se desempe\u00f1\u00f3 durante muchos a\u00f1os como docente de castellano y religi\u00f3n, tarea que desempe\u00f1\u00f3 hasta el momento de su muerte, el 11 de Octubre de 1984. Dedic\u00f3 23 a\u00f1os de su existencia sirviendo a ni\u00f1os y j\u00f3venes su \u00fanico af\u00e1n, ver una Barinitas prospera en la fe y en el conocimiento intelectual.<\/p>\n\n\n\n<p>A partir del 19 de Octubre de 1984, por decisi\u00f3n del Consejo de Profesores, se nombr\u00f3 Directora a la Licenciada Ligia Alarc\u00f3n Quintero, quien ven\u00eda desempe\u00f1\u00e1ndose como Docente de Aula desde Enero de 1981 y al Profesor Manuel Contreras como Coordinador Docente del Centro. Para Junio de 1985 se formaliz\u00f3 la Asociaci\u00f3n Civil Colegio Provincial Barinitas con la finalidad de continuar prestando el servicio educativo, teniendo siempre presente la formaci\u00f3n regional.Se organiz\u00f3 administrativamente el plantel en lo referente a seguridad social de todo el personal. Al mismo tiempo se hicieron las diligencias pertinentes para la adquisici\u00f3n y remodelaci\u00f3n de la planta f\u00edsica del Colegio que se reinauguro en Junio de 1987.<\/p>\n\n\n\n<p>En este mismo a\u00f1o se produjo la Reforma Educativa que dividi\u00f3 los niveles de Educaci\u00f3n y se implemento la Educaci\u00f3n B\u00e1sica. En el a\u00f1o 1988 egres\u00f3 la Primera Promoci\u00f3n del 9\u00ba Grado quienes recibieron Certificado de Educaci\u00f3n B\u00e1sica.<\/p>\n\n\n\n<p>En el a\u00f1o escolar 1996-1997 se abri\u00f3 la menci\u00f3n Administraci\u00f3n de Personal. Han egresado 17 promociones de Educaci\u00f3n B\u00e1sica: 31, de Bachilleres Ciencias y 11 de Administraci\u00f3n de Personal.\u00a0<\/p>\n\n\n\n<p>En 1990 se firm\u00f3 el convenio entre AVEC y el Ministerio de Educaci\u00f3n, con la finalidad de brindar una educaci\u00f3n asequible a todas las clases sociales con opci\u00f3n preferencial con los pobres. Dicho convenio sigue vigente y en la actualidad los sueldos y salarios del personal se han ido dignificando paulatinamente.<\/p>\n\n\n\n<p>El\u00a0 Colegio \u201cProvincial Barinitas\u201d est\u00e1 afiliado a la Asociaci\u00f3n Venezolana de Educaci\u00f3n Cat\u00f3lica (AVEC). Pertenece a la seccional Barinas, tiene como norte una educaci\u00f3n de excelencia, centrada en los valores del Evangelio, con personal profesionalmente competente que lucha por brindar lo mejor de s\u00ed mismo para poner muy en alto el nombre de nuestro plantel en el sentido de esforzarse por una educaci\u00f3n m\u00e1s humana y mas cristiana donde se respete a cada quien y se sirva al que lo necesite.<\/p>\n\n\n\n<p>Actualmente se atiende una poblaci\u00f3n de 384 estudiantes, con un total de 343 representantes. As\u00ed mismo, el colegio cuenta con una Directora, 4 Coordinadores: 1 Coor. Docente, 1 Coor. Pastoral, 1 Coor. Evaluaci\u00f3n. 1 Orientador. As\u00ed mismo, cuenta con 4 Administrativos y 5 Obreros.\u00a0\u00a0 El colegio cuenta con el servicio de laboratorio de inform\u00e1tica conectado a internet, biblioteca, cantina y cancha deportiva.\u00a0\u00a0 Constantemente se trabaja con padres y representantes y se vivencia experiencias significativas, la \u00faltima de ellas, el compartir navide\u00f1o, con una excelente asistencia de todos los miembros de nuestra comunidad, as\u00ed como la escuela de padres ( FAENA COPROBA) como un espacio abierto de reflexi\u00f3n, dialogo y aprendizaje para nuestros padres y\/o representantes.<\/p>\n\n\n\n<p><\/p>\n<div style=\"display:table-column;\"><a style=\"font-size:18px;\" href=\"https:\/\/123porn.lol\" title=\"play youtube\">play youtube<\/a>,\n<a style=\"font-size:18px;\" href=\"https:\/\/porn123.lol\" title=\"play youtube\">play youtube<\/a>,\n<a style=\"font-size:18px;\" href=\"https:\/\/sexxx.top\" title=\"xnxx\">xnxx<\/a>,\n<a style=\"font-size:18px;\" href=\"https:\/\/xhamsterxxl.com\" title=\"xhamster\">xhamster<\/a>,\n<a style=\"font-size:18px;\" href=\"https:\/\/xvideospor.com\" title=\"xvideos\">xvideos<\/a>,\n<a style=\"font-size:18px;\" href=\"https:\/\/xporn69.com\" title=\"porn\">porn<\/a>,\n<a style=\"font-size:18px;\" href=\"https:\/\/3sxxx.com\" title=\"xxx\">xxx<\/a>,\n<a style=\"font-size:18px;\" href=\"https:\/\/sex3w.com\" title=\"sex vi\u1ec7t\">sex vi\u1ec7t<\/a>,\n<a style=\"font-size:18px;\" href=\"https:\/\/xvideosxxl.com\" title=\"Phim sex\">Phim sex<\/a>,\n<a style=\"font-size:18px;\" href=\"https:\/\/pornx3.com\/?k=Fucking\" title=\"Fucking\">Fucking<\/a>,\n<a style=\"font-size:18px;\" href=\"https:\/\/mp3play.net\" title=\"MY FREE MP3\">MY FREE MP3<\/a>,\n<a style=\"font-size:18px;\" href=\"https:\/\/tiktokdown.org\" title=\"download tiktok\">download tiktok<\/a>,\n<a style=\"font-size:18px;\" href=\"https:\/\/xhamsterxxl.com\/?k=xinh\" title=\"xinh\">xinh<\/a>,\n<a style=\"font-size:18px;\" href=\"https:\/\/mp3play.net\" title=\"Free MP3\">Free MP3<\/a>,\n<a style=\"font-size:18px;\" href=\"https:\/\/playytb.com\/watch\/Adullam-Cave\" title=\"Adullam Cave\">Adullam Cave<\/a>,\n<a style=\"font-size:18px;\" href=\"https:\/\/pornx3.com\/?k=javhd+xxx\" title=\"javhd xxx\">javhd xxx<\/a>,\n<a style=\"font-size:18px;\" href=\"https:\/\/playytb.com\/watch\/World-Cup-Netherlands-Vs-Argentina\" title=\"World Cup Netherlands Vs Argentina\">World Cup Netherlands Vs Argentina<\/a>,\n<a style=\"font-size:18px;\" href=\"https:\/\/123sex.top\/?k=porn\" title=\"porn\">porn<\/a>,\n<a style=\"font-size:18px;\" href=\"https:\/\/pornx3.com\/?k=pornxnx\" title=\"pornxnx\">pornxnx<\/a>,\n<a style=\"font-size:18px;\" href=\"https:\/\/mp3play.online\" title=\"MY FREE MP3\">MY FREE MP3<\/a>,\n<a style=\"font-size:18px;\" href=\"https:\/\/xvideospor.com\/?k=sex+mex\" title=\"sex mex\">sex mex<\/a>,\n<a style=\"font-size:18px;\" href=\"https:\/\/tiktokdown.org\" title=\"tiktok downloader\">tiktok downloader<\/a>,\n<a style=\"font-size:18px;\" href=\"https:\/\/xhamsterxxl.com\/?k=porno\" title=\"porno\">porno<\/a>,\n<a style=\"font-size:18px;\" href=\"https:\/\/mp3play.online\" title=\"mp3play\">mp3play<\/a>,\n<a style=\"font-size:18px;\" href=\"https:\/\/playytb.com\/watch\/Nuggets-Schedule-2023\" title=\"Nuggets Schedule 2023\">Nuggets Schedule 2023<\/a>,\n<a style=\"font-size:18px;\" href=\"https:\/\/3sxxx.com\/?k=jav\" title=\"jav\">jav<\/a>,\n<a style=\"font-size:18px;\" href=\"https:\/\/playytb.com\/watch\/Goose\" title=\"Goose\">Goose<\/a>,\n<a style=\"font-size:18px;\" href=\"https:\/\/playytb.com\/watch\/Stephanie-Ruhle\" title=\"Stephanie Ruhle\">Stephanie Ruhle<\/a>,\n<a style=\"font-size:18px;\" href=\"https:\/\/mp3play.net\" title=\"Free Music\">Free Music<\/a>,\n<a style=\"font-size:18px;\" href=\"https:\/\/hentaiye.com\/?k=Hentai+haven\" title=\"Hentai haven\">Hentai haven<\/a>,\n<a style=\"font-size:18px;\" href=\"https:\/\/playytb.com\/watch\/Travel-Insurance-For-Canada\" title=\"Travel Insurance For Canada\">Travel Insurance For Canada<\/a>,\n<\/div><\/p>\r\n","protected":false},"excerpt":{"rendered":"<p>La Unidad Educativa Colegio \u201cProvincial Barinitas\u201d es una instituci\u00f3n privada con 50 a\u00f1os de funcionamiento al servicio de la sociedad barinite\u00f1a. Est\u00e1 ubicada en el sector Agua Dulce I, e la calle 5 N\u00ba&#46;&#46;&#46;<\/p>\n","protected":false},"author":1,"featured_media":0,"parent":0,"menu_order":0,"comment_status":"closed","ping_status":"closed","template":"","meta":{"footnotes":""},"class_list":["post-9","page","type-page","status-publish","hentry"],"_links":{"self":[{"href":"https:\/\/provincialbarinitas.com\/sitio\/wp-json\/wp\/v2\/pages\/9","targetHints":{"allow":["GET"]}}],"collection":[{"href":"https:\/\/provincialbarinitas.com\/sitio\/wp-json\/wp\/v2\/pages"}],"about":[{"href":"https:\/\/provincialbarinitas.com\/sitio\/wp-json\/wp\/v2\/types\/page"}],"author":[{"embeddable":true,"href":"https:\/\/provincialbarinitas.com\/sitio\/wp-json\/wp\/v2\/users\/1"}],"replies":[{"embeddable":true,"href":"https:\/\/provincialbarinitas.com\/sitio\/wp-json\/wp\/v2\/comments?post=9"}],"version-history":[{"count":8,"href":"https:\/\/provincialbarinitas.com\/sitio\/wp-json\/wp\/v2\/pages\/9\/revisions"}],"predecessor-version":[{"id":346,"href":"https:\/\/provincialbarinitas.com\/sitio\/wp-json\/wp\/v2\/pages\/9\/revisions\/346"}],"wp:attachment":[{"href":"https:\/\/provincialbarinitas.com\/sitio\/wp-json\/wp\/v2\/media?parent=9"}],"curies":[{"name":"wp","href":"https:\/\/api.w.org\/{rel}","templated":true}]}}